{"id":96,"date":"2018-06-18T06:57:57","date_gmt":"2018-06-18T06:57:57","guid":{"rendered":"https:\/\/www.fajasbelladonna.com\/about\/"},"modified":"2026-05-01T18:55:45","modified_gmt":"2026-05-01T23:55:45","slug":"aboutus","status":"publish","type":"page","link":"https:\/\/fajasbelladonna.com\/en\/nosotros\/","title":{"rendered":"About Us"},"content":{"rendered":"<div data-elementor-type=\"wp-post\" data-elementor-id=\"96\" class=\"elementor elementor-96\" data-elementor-settings=\"{&quot;ha_cmc_init_switcher&quot;:&quot;no&quot;}\" data-elementor-post-type=\"page\">\n\t\t\t\t\t\t<section class=\"elementor-section elementor-top-section elementor-element elementor-element-4c44a8c elementor-section-height-min-height elementor-section-content-top elementor-section-boxed elementor-section-height-default elementor-section-items-middle\" data-id=\"4c44a8c\" data-element_type=\"section\" data-e-type=\"section\" data-settings=\"{&quot;background_background&quot;:&quot;classic&quot;,&quot;_ha_eqh_enable&quot;:false}\">\n\t\t\t\t\t\t<div class=\"elementor-container elementor-column-gap-default\">\n\t\t\t\t\t<div class=\"elementor-column elementor-col-50 elementor-top-column elementor-element elementor-element-4cb4aa0\" data-id=\"4cb4aa0\" data-element_type=\"column\" data-e-type=\"column\">\n\t\t\t<div class=\"elementor-widget-wrap elementor-element-populated\">\n\t\t\t\t\t\t<div class=\"elementor-element elementor-element-28962f0 elementor-widget elementor-widget-text-editor\" data-id=\"28962f0\" data-element_type=\"widget\" data-e-type=\"widget\" data-widget_type=\"text-editor.default\">\n\t\t\t\t<div class=\"elementor-widget-container\">\n\t\t\t\t\t\t\t\t\t<p><div style=\"width: 848px;\" class=\"wp-video\"><video class=\"wp-video-shortcode\" id=\"video-96-1\" width=\"848\" height=\"480\" poster=\"https:\/\/fajasbelladonna.com\/wp-content\/uploads\/2023\/11\/nosotros-poster.jpg\" preload=\"auto\" controls=\"controls\"><source type=\"video\/mp4\" src=\"https:\/\/fajasbelladonna.com\/wp-content\/uploads\/2023\/11\/nosotros.mp4?_=1\" \/><a href=\"https:\/\/fajasbelladonna.com\/wp-content\/uploads\/2023\/11\/nosotros.mp4\">https:\/\/fajasbelladonna.com\/wp-content\/uploads\/2023\/11\/nosotros.mp4<\/a><\/video><\/div><\/p>\t\t\t\t\t\t\t\t<\/div>\n\t\t\t\t<\/div>\n\t\t\t\t\t<\/div>\n\t\t<\/div>\n\t\t\t\t<div class=\"elementor-column elementor-col-50 elementor-top-column elementor-element elementor-element-696519a\" data-id=\"696519a\" data-element_type=\"column\" data-e-type=\"column\">\n\t\t\t<div class=\"elementor-widget-wrap elementor-element-populated\">\n\t\t\t\t\t\t<div class=\"elementor-element elementor-element-c961895 elementor-widget elementor-widget-heading\" data-id=\"c961895\" data-element_type=\"widget\" data-e-type=\"widget\" data-widget_type=\"heading.default\">\n\t\t\t\t<div class=\"elementor-widget-container\">\n\t\t\t\t\t<h6 class=\"elementor-heading-title elementor-size-default\">About us<\/h6>\t\t\t\t<\/div>\n\t\t\t\t<\/div>\n\t\t\t\t<div class=\"elementor-element elementor-element-f786631 elementor-widget elementor-widget-text-editor\" data-id=\"f786631\" data-element_type=\"widget\" data-e-type=\"widget\" data-widget_type=\"text-editor.default\">\n\t\t\t\t<div class=\"elementor-widget-container\">\n\t\t\t\t\t\t\t\t\tFajas Belladonna reflects the modern woman, each design brings together attributes that translate into Beauty, Softness and Comfort, Bella Donna was born in 2005 with the sole purpose of making the woman look more beautiful every day, accompanying her in each of its stages.\t\t\t\t\t\t\t\t<\/div>\n\t\t\t\t<\/div>\n\t\t\t\t\t<\/div>\n\t\t<\/div>\n\t\t\t\t\t<\/div>\n\t\t<\/section>\n\t\t\t\t<section class=\"elementor-section elementor-top-section elementor-element elementor-element-33240c3 elementor-section-boxed elementor-section-height-default elementor-section-height-default\" data-id=\"33240c3\" data-element_type=\"section\" data-e-type=\"section\" data-settings=\"{&quot;_ha_eqh_enable&quot;:false}\">\n\t\t\t\t\t\t<div class=\"elementor-container elementor-column-gap-default\">\n\t\t\t\t\t<div class=\"elementor-column elementor-col-100 elementor-top-column elementor-element elementor-element-3a81d3d\" data-id=\"3a81d3d\" data-element_type=\"column\" data-e-type=\"column\">\n\t\t\t<div class=\"elementor-widget-wrap elementor-element-populated\">\n\t\t\t\t\t\t<div class=\"elementor-element elementor-element-96d7855 elementor-widget elementor-widget-heading\" data-id=\"96d7855\" data-element_type=\"widget\" data-e-type=\"widget\" data-widget_type=\"heading.default\">\n\t\t\t\t<div class=\"elementor-widget-container\">\n\t\t\t\t\t<h3 class=\"elementor-heading-title elementor-size-default\">learn more<\/h3>\t\t\t\t<\/div>\n\t\t\t\t<\/div>\n\t\t\t\t<div class=\"elementor-element elementor-element-7f41305 elementor-widget elementor-widget-heading\" data-id=\"7f41305\" data-element_type=\"widget\" data-e-type=\"widget\" data-widget_type=\"heading.default\">\n\t\t\t\t<div class=\"elementor-widget-container\">\n\t\t\t\t\t<h6 class=\"elementor-heading-title elementor-size-default\">Our history<\/h6>\t\t\t\t<\/div>\n\t\t\t\t<\/div>\n\t\t\t\t<div class=\"elementor-element elementor-element-f4f715f elementor-widget elementor-widget-spacer\" data-id=\"f4f715f\" data-element_type=\"widget\" data-e-type=\"widget\" data-widget_type=\"spacer.default\">\n\t\t\t\t<div class=\"elementor-widget-container\">\n\t\t\t\t\t\t\t<div class=\"elementor-spacer\">\n\t\t\t<div class=\"elementor-spacer-inner\"><\/div>\n\t\t<\/div>\n\t\t\t\t\t\t<\/div>\n\t\t\t\t<\/div>\n\t\t\t\t\t<\/div>\n\t\t<\/div>\n\t\t\t\t\t<\/div>\n\t\t<\/section>\n\t\t\t\t<section class=\"elementor-section elementor-top-section elementor-element elementor-element-9cb19c7 elementor-section-boxed elementor-section-height-default elementor-section-height-default\" data-id=\"9cb19c7\" data-element_type=\"section\" data-e-type=\"section\" data-settings=\"{&quot;background_background&quot;:&quot;classic&quot;,&quot;_ha_eqh_enable&quot;:false}\">\n\t\t\t\t\t\t<div class=\"elementor-container elementor-column-gap-default\">\n\t\t\t\t\t<div class=\"elementor-column elementor-col-100 elementor-top-column elementor-element elementor-element-d5c1d60\" data-id=\"d5c1d60\" data-element_type=\"column\" data-e-type=\"column\">\n\t\t\t<div class=\"elementor-widget-wrap elementor-element-populated\">\n\t\t\t\t\t\t<div class=\"elementor-element elementor-element-ddad9a7 elementor-view-default elementor-widget elementor-widget-icon\" data-id=\"ddad9a7\" data-element_type=\"widget\" data-e-type=\"widget\" data-widget_type=\"icon.default\">\n\t\t\t\t<div class=\"elementor-widget-container\">\n\t\t\t\t\t\t\t<div class=\"elementor-icon-wrapper\">\n\t\t\t<div class=\"elementor-icon\">\n\t\t\t<svg xmlns=\"http:\/\/www.w3.org\/2000\/svg\" xmlns:xlink=\"http:\/\/www.w3.org\/1999\/xlink\" id=\"Capa_1\" x=\"0px\" y=\"0px\" width=\"400px\" height=\"400px\" viewbox=\"0 0 400 400\" style=\"enable-background:new 0 0 400 400;\" xml:space=\"preserve\"><style type=\"text\/css\">\t.st0{fill:#712C49;}\t.st1{fill:#98677C;}\t.st2{fill:#B491A0;}\t.st3{fill:#844861;}\t.st4{fill:#7A3955;}<\/style><circle class=\"st0\" cx=\"371.3\" cy=\"191.6\" r=\"8.8\"><\/circle><circle class=\"st0\" cx=\"32.3\" cy=\"191.6\" r=\"8.8\"><\/circle><path class=\"st1\" d=\"M270.2,110.4c-48.6,24.3-70,89.9-70,89.9s-21.4-65.6-70-89.9c15.5-61,50.1-93,70-109.5 C220.1,17.4,254.7,49.3,270.2,110.4z\"><\/path><path class=\"st2\" d=\"M389.4,104.9c0,0-17.4,65.1-79.1,95.2c-0.1-0.1-0.3-0.1-0.4-0.2c-33.3-16-62.5-14.7-82.5-10 c6.1-38.6,42.7-79.5,42.7-79.5c0.3-0.1,0.6-0.3,0.8-0.4C320.2,86,348.3,89.1,389.4,104.9z\"><\/path><path class=\"st2\" d=\"M173.8,210.4c-5.7,36.7-39.9,75.4-43.3,79.2c-0.6,0.3-1.1,0.6-1.7,0.8c-49.3,23.7-77.4,20.5-118.4,4.5 c0,0,17.7-65,79.5-94.9l0.3,0.2C124.1,216.7,153.8,215.1,173.8,210.4z\"><\/path><path class=\"st3\" d=\"M310.3,200.1c0,0-0.1,0.1-0.2,0.1c-33.4,16.2-62.7,15-82.7,10.3c-0.5-3.4-0.8-6.8-0.8-10.2 c0-3.4,0.3-6.9,0.9-10.5c19.9-4.7,49.2-6,82.5,10C310,200,310.2,200.1,310.3,200.1z\"><\/path><path class=\"st2\" d=\"M389.6,294.9c-41,15.9-69.1,19.2-118.4-4.5c-0.4-0.2-0.7-0.3-1.1-0.5c-1.2-1.4-36.9-41.4-42.7-79.3 c20,4.6,49.3,5.9,82.7-10.3c0.1,0,0.1-0.1,0.2-0.1C372,230.1,389.6,294.9,389.6,294.9L389.6,294.9z\"><\/path><path class=\"st3\" d=\"M174.6,200.4c0,3.3-0.3,6.6-0.8,10c-20,4.8-49.7,6.4-83.6-10.1l-0.3-0.2c0,0,0.2-0.1,0.2-0.1 c34-16.3,63.7-14.6,83.6-9.8C174.3,193.6,174.6,197,174.6,200.4L174.6,200.4z\"><\/path><path class=\"st2\" d=\"M173.8,190.2c-20-4.9-49.7-6.6-83.6,9.8c-0.1,0-0.2,0.1-0.2,0.1c-61.6-30.2-79-95.2-79-95.2 C52,89.1,80.1,86,129.3,109.9c0.3,0.1,0.6,0.3,0.8,0.4C130.2,110.4,167.7,151.5,173.8,190.2L173.8,190.2z\"><\/path><path class=\"st3\" d=\"M270.2,110.4c0,0-36.6,41-42.7,79.5c-15.6,3.6-25.5,9.3-27.2,10.3c0,0,0,0,0,0S221.5,134.6,270.2,110.4 L270.2,110.4z\"><\/path><path class=\"st4\" d=\"M226.6,200.4c0,3.4,0.3,6.8,0.8,10.2c-16.4-3.8-26.4-9.9-27.2-10.3c1.7-1,11.6-6.7,27.2-10.3 C226.9,193.4,226.6,196.9,226.6,200.4z\"><\/path><path class=\"st3\" d=\"M270.1,289.8c-47.1-23.4-68.8-85.3-70.1-89.2c0-0.1,0-0.2,0-0.3c0,0,0.1,0,0.2-0.1c0.7,0.5,10.8,6.5,27.2,10.3 C233.3,248.5,268.9,288.5,270.1,289.8L270.1,289.8z\"><\/path><path class=\"st1\" d=\"M270.2,289.9c-15.5,61-50.1,93.2-70,109.7c-19.9-16.5-54.5-48.7-70-109.7c0,0,0.1-0.1,0.3-0.3 c46.6-23.6,68.2-85.1,69.5-88.9C201.3,204.5,223.1,266.5,270.2,289.9L270.2,289.9L270.2,289.9z\"><\/path><path class=\"st3\" d=\"M200,200.6c-1.3,3.9-22.9,65.4-69.5,88.9c3.5-3.8,37.6-42.5,43.3-79.2c15.1-3.6,24.6-9.1,26.1-10c0,0,0,0,0.1,0 C200,200.4,200,200.5,200,200.6L200,200.6z\"><\/path><path class=\"st4\" d=\"M173.8,210.4c0.5-3.4,0.8-6.7,0.8-10c0-3.3-0.3-6.8-0.8-10.2c15.5,3.8,25.1,9.5,26.2,10.2 C198.5,201.3,188.9,206.7,173.8,210.4L173.8,210.4z\"><\/path><path class=\"st3\" d=\"M200.2,200.2l-0.2,0.1c-1.1-0.7-10.7-6.4-26.2-10.2c-6.1-38.7-43.6-79.8-43.6-79.8 C178.8,134.6,200.2,200.2,200.2,200.2L200.2,200.2z\"><\/path><\/svg>\t\t\t<\/div>\n\t\t<\/div>\n\t\t\t\t\t\t<\/div>\n\t\t\t\t<\/div>\n\t\t\t\t<div class=\"elementor-element elementor-element-2715313 elementor-widget elementor-widget-heading\" data-id=\"2715313\" data-element_type=\"widget\" data-e-type=\"widget\" data-widget_type=\"heading.default\">\n\t\t\t\t<div class=\"elementor-widget-container\">\n\t\t\t\t\t<h3 class=\"elementor-heading-title elementor-size-default\">OUR PADS<\/h3>\t\t\t\t<\/div>\n\t\t\t\t<\/div>\n\t\t\t\t<div class=\"elementor-element elementor-element-f622144 elementor-widget elementor-widget-heading\" data-id=\"f622144\" data-element_type=\"widget\" data-e-type=\"widget\" data-widget_type=\"heading.default\">\n\t\t\t\t<div class=\"elementor-widget-container\">\n\t\t\t\t\t<h6 class=\"elementor-heading-title elementor-size-default\">Benefits<\/h6>\t\t\t\t<\/div>\n\t\t\t\t<\/div>\n\t\t\t\t<div class=\"elementor-element elementor-element-a8e717f elementor-widget elementor-widget-spacer\" data-id=\"a8e717f\" data-element_type=\"widget\" data-e-type=\"widget\" data-widget_type=\"spacer.default\">\n\t\t\t\t<div class=\"elementor-widget-container\">\n\t\t\t\t\t\t\t<div class=\"elementor-spacer\">\n\t\t\t<div class=\"elementor-spacer-inner\"><\/div>\n\t\t<\/div>\n\t\t\t\t\t\t<\/div>\n\t\t\t\t<\/div>\n\t\t\t\t<section class=\"elementor-section elementor-inner-section elementor-element elementor-element-a1e634d elementor-section-boxed elementor-section-height-default elementor-section-height-default\" data-id=\"a1e634d\" data-element_type=\"section\" data-e-type=\"section\" data-settings=\"{&quot;_ha_eqh_enable&quot;:false}\">\n\t\t\t\t\t\t<div class=\"elementor-container elementor-column-gap-wider\">\n\t\t\t\t\t<div class=\"elementor-column elementor-col-50 elementor-inner-column elementor-element elementor-element-3495511\" data-id=\"3495511\" data-element_type=\"column\" data-e-type=\"column\">\n\t\t\t<div class=\"elementor-widget-wrap elementor-element-populated\">\n\t\t\t\t\t\t<div class=\"elementor-element elementor-element-f840b2e elementor-position-inline-start elementor-view-default elementor-mobile-position-block-start elementor-widget elementor-widget-icon-box\" data-id=\"f840b2e\" data-element_type=\"widget\" data-e-type=\"widget\" data-widget_type=\"icon-box.default\">\n\t\t\t\t<div class=\"elementor-widget-container\">\n\t\t\t\t\t\t\t<div class=\"elementor-icon-box-wrapper\">\n\n\t\t\t\t\t\t<div class=\"elementor-icon-box-icon\">\n\t\t\t\t<span  class=\"elementor-icon\">\n\t\t\t\t<svg xmlns=\"http:\/\/www.w3.org\/2000\/svg\" xmlns:xlink=\"http:\/\/www.w3.org\/1999\/xlink\" id=\"Capa_1\" x=\"0px\" y=\"0px\" width=\"400px\" height=\"400px\" viewbox=\"0 0 400 400\" style=\"enable-background:new 0 0 400 400;\" xml:space=\"preserve\"><g>\t<g>\t\t<path d=\"M388.3,225.2H11.7c-6.5,0-11.7,5.2-11.7,11.7v74.7c0,0,0,0.1,0,0.1c0,0,0,0.1,0,0.1v47.5c0,6.5,5.2,11.7,11.7,11.7h376.6   c6.5,0,11.7-5.2,11.7-11.7V236.9C400,230.5,394.8,225.2,388.3,225.2z M376.6,248.7v42.1l-6.5-8.3c-3.2-4.1-7.3-7.4-11.8-9.5   c-12.4-5.8-27.2-3.1-36.9,6.5l-17.9,17.9c-1.8,1.8-4.1,2.7-6.6,2.7c-2.5,0-4.8-1-6.6-2.7l-17.9-17.9c-12.8-12.8-33.5-12.8-46.2,0   l-17.9,17.9c-3.6,3.6-9.5,3.6-13.1,0l-17.9-17.9c-12.7-12.7-33.5-12.8-46.2,0l-17.8,17.8c-3.6,3.6-9.5,3.6-13.1,0   c-5.8-5.8-12.2-12.1-18-17.9c-0.3-0.3-0.6-0.5-0.9-0.8c-6.1-5.7-13.9-8.8-22.3-8.8c-8.7,0-16.9,3.4-23.1,9.6L23.4,292v-43.3   L376.6,248.7L376.6,248.7z M23.4,347.7v-26.5c4.1-1.6,7.9-4.1,11.2-7.3L52.5,296c3.6-3.6,9.5-3.6,13.1,0c0.2,0.2,0.5,0.4,0.7,0.6   C72,302.3,78,308.4,83.7,314c12.7,12.6,33.5,12.6,46.2-0.1l17.8-17.8c1.8-1.8,4.1-2.7,6.6-2.7c2.5,0,4.8,1,6.6,2.7l17.9,17.9   c12.8,12.7,33.5,12.7,46.2,0l17.9-17.9c3.6-3.6,9.5-3.6,13.1,0l17.9,17.9c12.8,12.8,33.5,12.8,46.2,0l17.9-17.9   c2.7-2.7,7-3.5,10.5-1.9c1.1,0.5,2.2,1.4,3.2,2.7l12.6,16c0.3,0.4,0.6,0.7,0.9,1.1c3.3,3.3,7.2,5.8,11.5,7.5v26.3H23.4z\"><\/path>\t\t<path d=\"M68.2,94.6h19v30.2c0,6.5,5.2,11.7,11.7,11.7c6.5,0,11.7-5.2,11.7-11.7V94.6h19c6.5,0,11.7-5.2,11.7-11.7   c0-6.5-5.2-11.7-11.7-11.7h-19V41c0-6.5-5.2-11.7-11.7-11.7c-6.5,0-11.7,5.2-11.7,11.7v30.2h-19c-6.5,0-11.7,5.2-11.7,11.7   S61.7,94.6,68.2,94.6z\"><\/path>\t\t<circle cx=\"80.7\" cy=\"175.6\" r=\"13.3\"><\/circle>\t\t<path d=\"M329.8,162.9c-7.3,0-13.3,5.9-13.3,13.3s5.9,13.3,13.3,13.3c7.3,0,13.3-5.9,13.3-13.3S337.1,162.9,329.8,162.9z\"><\/path>\t\t<path d=\"M187.8,124.6c0,5.8,4.2,10.7,10,11.6l21.6,3.3c16.1,2.4,28.5,14.9,30.9,30.9l3.3,21.6c0.9,5.7,5.8,10,11.6,10   c5.8,0,10.7-4.2,11.6-10l3.3-21.6c2.4-16.1,14.9-28.5,30.9-30.9l21.6-3.3c5.7-0.9,10-5.8,10-11.6s-4.2-10.7-10-11.6l-21.6-3.3   c-16.1-2.4-28.5-14.9-30.9-30.9l-3.3-21.6c-0.9-5.7-5.8-10-11.6-10c-5.8,0-10.7,4.2-11.6,10l-3.3,21.6   c-2.4,16.1-14.9,28.5-30.9,30.9l-21.6,3.3C192,113.9,187.8,118.8,187.8,124.6L187.8,124.6z M265.1,105   c4.9,7.9,11.6,14.6,19.5,19.5c-7.9,4.9-14.6,11.6-19.5,19.5c-4.9-7.9-11.6-14.6-19.5-19.5C253.5,119.7,260.2,113,265.1,105z\"><\/path>\t\t<circle cx=\"195.3\" cy=\"58.2\" r=\"13.3\"><\/circle>\t<\/g><\/g><\/svg>\t\t\t\t<\/span>\n\t\t\t<\/div>\n\t\t\t\n\t\t\t\t\t\t<div class=\"elementor-icon-box-content\">\n\n\t\t\t\t\t\t\t\t\t<h2 class=\"elementor-icon-box-title\">\n\t\t\t\t\t\t<span  >\n\t\t\t\t\t\t\tTAKE CARE OF YOUR SKIN\t\t\t\t\t\t<\/span>\n\t\t\t\t\t<\/h2>\n\t\t\t\t\n\t\t\t\t\n\t\t\t<\/div>\n\t\t\t\n\t\t<\/div>\n\t\t\t\t\t\t<\/div>\n\t\t\t\t<\/div>\n\t\t\t\t<div class=\"elementor-element elementor-element-e73d865 elementor-widget elementor-widget-text-editor\" data-id=\"e73d865\" data-element_type=\"widget\" data-e-type=\"widget\" data-widget_type=\"text-editor.default\">\n\t\t\t\t<div class=\"elementor-widget-container\">\n\t\t\t\t\t\t\t\t\tWe care about the benefit and care of the skin, so we have as a priority the dermatological and beauty needs that include unique touch fabrics with special finishes that provide aesthetic benefits. The control and shaping of the figure is achieved by means of our fabrics approved by Protela giving a differentiating, determining and unique factor when it comes to adjustment and delineation of the figure.\t\t\t\t\t\t\t\t<\/div>\n\t\t\t\t<\/div>\n\t\t\t\t\t<\/div>\n\t\t<\/div>\n\t\t\t\t<div class=\"elementor-column elementor-col-50 elementor-inner-column elementor-element elementor-element-9770e0a\" data-id=\"9770e0a\" data-element_type=\"column\" data-e-type=\"column\">\n\t\t\t<div class=\"elementor-widget-wrap elementor-element-populated\">\n\t\t\t\t\t\t<div class=\"elementor-element elementor-element-d54abe4 elementor-position-inline-start elementor-view-default elementor-mobile-position-block-start elementor-widget elementor-widget-icon-box\" data-id=\"d54abe4\" data-element_type=\"widget\" data-e-type=\"widget\" data-widget_type=\"icon-box.default\">\n\t\t\t\t<div class=\"elementor-widget-container\">\n\t\t\t\t\t\t\t<div class=\"elementor-icon-box-wrapper\">\n\n\t\t\t\t\t\t<div class=\"elementor-icon-box-icon\">\n\t\t\t\t<span  class=\"elementor-icon\">\n\t\t\t\t<svg xmlns=\"http:\/\/www.w3.org\/2000\/svg\" xmlns:xlink=\"http:\/\/www.w3.org\/1999\/xlink\" id=\"Capa_1\" x=\"0px\" y=\"0px\" width=\"400px\" height=\"400px\" viewbox=\"0 0 400 400\" style=\"enable-background:new 0 0 400 400;\" xml:space=\"preserve\"><g>\t<g>\t\t<g>\t\t\t<path d=\"M355.1,311.6l-96.5-162.3V68.4c13.7-4.8,23.5-17.9,23.5-33.2c0-19.4-15.8-35.2-35.2-35.2h-93.9    c-19.4,0-35.2,15.8-35.2,35.2c0,15.3,9.8,28.3,23.5,33.2v80.9L44.9,311.6c-11,18.4-11.3,40.4-0.7,59.1    c10.6,18.6,29.6,29.8,51,29.8h209.7c21.4,0,40.5-11.1,51-29.8C366.4,352.1,366.2,330,355.1,311.6z M153.1,23.5h93.9    c6.5,0,11.7,5.3,11.7,11.7s-5.3,11.7-11.7,11.7h-93.9c-6.5,0-11.7-5.3-11.7-11.7S146.6,23.5,153.1,23.5z M163.2,158.5    c1.1-1.8,1.6-3.9,1.6-6V70.4h70.4v23.5h-11.7c-6.5,0-11.7,5.3-11.7,11.7s5.3,11.7,11.7,11.7h11.7v23.5h-11.7    c-6.5,0-11.7,5.3-11.7,11.7s5.3,11.7,11.7,11.7h16.8l51.5,86.6c-8.7,4.5-20.5,8.8-33.1,8.8c-27.4,0-50.6-20.3-50.9-20.5    c0,0,0,0,0,0c-1.4-1.3-30.1-26.4-66.5-26.4c-3.6,0-7.2,0.3-10.8,0.7L163.2,158.5z M335.5,359.1c-6.3,11.2-17.8,17.9-30.6,17.9    H95.2c-12.8,0-24.3-6.7-30.6-17.9c-6.3-11.2-6.2-24.4,0.5-35.5l48.1-80.9c9.7-4.3,19.2-6.5,28.2-6.5c27.4,0,50.6,20.3,50.8,20.5    c1.2,1.1,30,26.4,66.5,26.4c17.4,0,33-5.7,45.1-12.1l31.2,52.6c0,0,0,0,0,0C341.6,334.7,341.8,348,335.5,359.1z\"><\/path>\t\t<\/g>\t<\/g>\t<g>\t\t<g>\t\t\t<circle cx=\"129.5\" cy=\"294.9\" r=\"11.7\"><\/circle>\t\t<\/g>\t<\/g>\t<g>\t\t<g>\t\t\t<circle cx=\"270.3\" cy=\"318.3\" r=\"11.7\"><\/circle>\t\t<\/g>\t<\/g>\t<g>\t\t<g>\t\t\t<circle cx=\"199.9\" cy=\"341.8\" r=\"11.7\"><\/circle>\t\t<\/g>\t<\/g>\t<g>\t<\/g>\t<g>\t<\/g>\t<g>\t<\/g>\t<g>\t<\/g>\t<g>\t<\/g>\t<g>\t<\/g>\t<g>\t<\/g>\t<g>\t<\/g>\t<g>\t<\/g>\t<g>\t<\/g>\t<g>\t<\/g>\t<g>\t<\/g>\t<g>\t<\/g>\t<g>\t<\/g>\t<g>\t<\/g><\/g><\/svg>\t\t\t\t<\/span>\n\t\t\t<\/div>\n\t\t\t\n\t\t\t\t\t\t<div class=\"elementor-icon-box-content\">\n\n\t\t\t\t\t\t\t\t\t<h2 class=\"elementor-icon-box-title\">\n\t\t\t\t\t\t<span  >\n\t\t\t\t\t\t\tFORMULATION\t\t\t\t\t\t<\/span>\n\t\t\t\t\t<\/h2>\n\t\t\t\t\n\t\t\t\t\n\t\t\t<\/div>\n\t\t\t\n\t\t<\/div>\n\t\t\t\t\t\t<\/div>\n\t\t\t\t<\/div>\n\t\t\t\t<div class=\"elementor-element elementor-element-594dc4d elementor-widget elementor-widget-text-editor\" data-id=\"594dc4d\" data-element_type=\"widget\" data-e-type=\"widget\" data-widget_type=\"text-editor.default\">\n\t\t\t\t<div class=\"elementor-widget-container\">\n\t\t\t\t\t\t\t\t\t\nContains Cosmacol EMI Microcapsules, Vitamin E, Marine Algae and Ginkgo Biloba. This formula contains Cosmacol, a multifunctional emollient specially designed to help shape the figure and acts in synergy with the natural moisturizing benefits of vitamin E, the anti-cellulite properties of seaweed and the circulation-enhancing ability of ginkgo Biloba. A gradual release of the benefit is guaranteed for up to 20 washes.\t\t\t\t\t\t\t\t<\/div>\n\t\t\t\t<\/div>\n\t\t\t\t\t<\/div>\n\t\t<\/div>\n\t\t\t\t\t<\/div>\n\t\t<\/section>\n\t\t\t\t\t<\/div>\n\t\t<\/div>\n\t\t\t\t\t<\/div>\n\t\t<\/section>\n\t\t\t\t<\/div>","protected":false},"excerpt":{"rendered":"<p>Sobre nosotros Fajas Belladonna refleja a la mujer actual, cada dise\u00f1o re\u00fane atributos que se traducen en Belleza, Suavidad y Comodidad, Bella Donna nace en el a\u00f1o 2005 con el \u00fanico prop\u00f3sito de hacer lucir a la Mujer cada d\u00eda mas Bella, acompa\u00f1\u00e1ndola en cada una de sus etapas. conoce un poco m\u00e1s Nuestra historia [&hellip;]<\/p>\n","protected":false},"author":7,"featured_media":0,"parent":0,"menu_order":0,"comment_status":"closed","ping_status":"closed","template":"","meta":{"site-sidebar-layout":"no-sidebar","site-content-layout":"page-builder","ast-site-content-layout":"default","site-content-style":"default","site-sidebar-style":"default","ast-global-header-display":"","ast-banner-title-visibility":"","ast-main-header-display":"","ast-hfb-above-header-display":"","ast-hfb-below-header-display":"","ast-hfb-mobile-header-display":"","site-post-title":"disabled","ast-breadcrumbs-content":"","ast-featured-img":"disabled","footer-sml-layout":"","ast-disable-related-posts":"","theme-transparent-header-meta":"enabled","adv-header-id-meta":"","stick-header-meta":"","header-above-stick-meta":"","header-main-stick-meta":"","header-below-stick-meta":"","astra-migrate-meta-layouts":"default","ast-page-background-enabled":"default","ast-page-background-meta":{"desktop":{"background-color":"","background-image":"","background-repeat":"repeat","background-position":"center center","background-size":"auto","background-attachment":"scroll","background-type":"","background-media":"","overlay-type":"","overlay-color":"","overlay-opacity":"","overlay-gradient":""},"tablet":{"background-color":"","background-image":"","background-repeat":"repeat","background-position":"center center","background-size":"auto","background-attachment":"scroll","background-type":"","background-media":"","overlay-type":"","overlay-color":"","overlay-opacity":"","overlay-gradient":""},"mobile":{"background-color":"","background-image":"","background-repeat":"repeat","background-position":"center center","background-size":"auto","background-attachment":"scroll","background-type":"","background-media":"","overlay-type":"","overlay-color":"","overlay-opacity":"","overlay-gradient":""}},"ast-content-background-meta":{"desktop":{"background-color":"var(--ast-global-color-5)","background-image":"","background-repeat":"repeat","background-position":"center center","background-size":"auto","background-attachment":"scroll","background-type":"","background-media":"","overlay-type":"","overlay-color":"","overlay-opacity":"","overlay-gradient":""},"tablet":{"background-color":"var(--ast-global-color-5)","background-image":"","background-repeat":"repeat","background-position":"center center","background-size":"auto","background-attachment":"scroll","background-type":"","background-media":"","overlay-type":"","overlay-color":"","overlay-opacity":"","overlay-gradient":""},"mobile":{"background-color":"var(--ast-global-color-5)","background-image":"","background-repeat":"repeat","background-position":"center center","background-size":"auto","background-attachment":"scroll","background-type":"","background-media":"","overlay-type":"","overlay-color":"","overlay-opacity":"","overlay-gradient":""}},"footnotes":""},"class_list":["post-96","page","type-page","status-publish","hentry"],"_links":{"self":[{"href":"https:\/\/fajasbelladonna.com\/en\/wp-json\/wp\/v2\/pages\/96","targetHints":{"allow":["GET"]}}],"collection":[{"href":"https:\/\/fajasbelladonna.com\/en\/wp-json\/wp\/v2\/pages"}],"about":[{"href":"https:\/\/fajasbelladonna.com\/en\/wp-json\/wp\/v2\/types\/page"}],"author":[{"embeddable":true,"href":"https:\/\/fajasbelladonna.com\/en\/wp-json\/wp\/v2\/users\/7"}],"replies":[{"embeddable":true,"href":"https:\/\/fajasbelladonna.com\/en\/wp-json\/wp\/v2\/comments?post=96"}],"version-history":[{"count":152,"href":"https:\/\/fajasbelladonna.com\/en\/wp-json\/wp\/v2\/pages\/96\/revisions"}],"predecessor-version":[{"id":6292,"href":"https:\/\/fajasbelladonna.com\/en\/wp-json\/wp\/v2\/pages\/96\/revisions\/6292"}],"wp:attachment":[{"href":"https:\/\/fajasbelladonna.com\/en\/wp-json\/wp\/v2\/media?parent=96"}],"curies":[{"name":"wp","href":"https:\/\/api.w.org\/{rel}","templated":true}]}}