{"id":2305,"date":"2018-06-18T06:58:10","date_gmt":"2018-06-18T06:58:10","guid":{"rendered":"https:\/\/www.fajasbelladonna.com\/contact\/"},"modified":"2025-04-30T02:04:33","modified_gmt":"2025-04-30T07:04:33","slug":"distributors","status":"publish","type":"page","link":"https:\/\/fajasbelladonna.com\/en\/distribuidores\/","title":{"rendered":"Distributors"},"content":{"rendered":"\t\t<div data-elementor-type=\"wp-post\" data-elementor-id=\"2305\" class=\"elementor elementor-2305\" data-elementor-settings=\"{&quot;ha_cmc_init_switcher&quot;:&quot;no&quot;}\" data-elementor-post-type=\"page\">\n\t\t\t\t\t\t<section class=\"elementor-section elementor-top-section elementor-element elementor-element-5e04949 elementor-section-boxed elementor-section-height-default elementor-section-height-default\" data-id=\"5e04949\" data-element_type=\"section\" data-e-type=\"section\" data-settings=\"{&quot;_ha_eqh_enable&quot;:false}\">\n\t\t\t\t\t\t<div class=\"elementor-container elementor-column-gap-default\">\n\t\t\t\t\t<div class=\"elementor-column elementor-col-100 elementor-top-column elementor-element elementor-element-809664c\" data-id=\"809664c\" data-element_type=\"column\" data-e-type=\"column\">\n\t\t\t<div class=\"elementor-widget-wrap elementor-element-populated\">\n\t\t\t\t\t\t<div class=\"elementor-element elementor-element-23a3d14 elementor-widget elementor-widget-heading\" data-id=\"23a3d14\" data-element_type=\"widget\" data-e-type=\"widget\" data-widget_type=\"heading.default\">\n\t\t\t\t<div class=\"elementor-widget-container\">\n\t\t\t\t\t<p class=\"elementor-heading-title elementor-size-default\">\u00bfDeseas distribuir nuestros productos?<\/p>\t\t\t\t<\/div>\n\t\t\t\t<\/div>\n\t\t\t\t<div class=\"elementor-element elementor-element-7e94620 elementor-widget elementor-widget-heading\" data-id=\"7e94620\" data-element_type=\"widget\" data-e-type=\"widget\" data-widget_type=\"heading.default\">\n\t\t\t\t<div class=\"elementor-widget-container\">\n\t\t\t\t\t<h6 class=\"elementor-heading-title elementor-size-default\">D\u00e9janos un mensaje<\/h6>\t\t\t\t<\/div>\n\t\t\t\t<\/div>\n\t\t\t\t<div class=\"elementor-element elementor-element-9f788fa elementor-widget elementor-widget-spacer\" data-id=\"9f788fa\" data-element_type=\"widget\" data-e-type=\"widget\" data-widget_type=\"spacer.default\">\n\t\t\t\t<div class=\"elementor-widget-container\">\n\t\t\t\t\t\t\t<div class=\"elementor-spacer\">\n\t\t\t<div class=\"elementor-spacer-inner\"><\/div>\n\t\t<\/div>\n\t\t\t\t\t\t<\/div>\n\t\t\t\t<\/div>\n\t\t\t\t<div class=\"elementor-element elementor-element-32388f6 elementor-button-align-stretch elementor-widget elementor-widget-form\" data-id=\"32388f6\" data-element_type=\"widget\" data-e-type=\"widget\" data-settings=\"{&quot;step_next_label&quot;:&quot;Siguiente&quot;,&quot;step_previous_label&quot;:&quot;Anterior&quot;,&quot;button_width&quot;:&quot;100&quot;,&quot;step_type&quot;:&quot;number_text&quot;,&quot;step_icon_shape&quot;:&quot;circle&quot;}\" data-widget_type=\"form.default\">\n\t\t\t\t<div class=\"elementor-widget-container\">\n\t\t\t\t\t\t\t<form class=\"elementor-form\" method=\"post\" name=\"Nuevo formulario\" aria-label=\"Nuevo formulario\">\n\t\t\t<input type=\"hidden\" name=\"post_id\" value=\"2305\"\/>\n\t\t\t<input type=\"hidden\" name=\"form_id\" value=\"32388f6\"\/>\n\t\t\t<input type=\"hidden\" name=\"referer_title\" value=\"Distribuidores\" \/>\n\n\t\t\t\t\t\t\t<input type=\"hidden\" name=\"queried_id\" value=\"2305\"\/>\n\t\t\t\n\t\t\t<div class=\"elementor-form-fields-wrapper elementor-labels-\">\n\t\t\t\t\t\t\t\t<div class=\"elementor-field-type-text elementor-field-group elementor-column elementor-field-group-name elementor-col-100\">\n\t\t\t\t\t\t\t\t\t\t\t\t<label for=\"form-field-name\" class=\"elementor-field-label elementor-screen-only\">\n\t\t\t\t\t\t\t\tNombre\t\t\t\t\t\t\t<\/label>\n\t\t\t\t\t\t\t\t\t\t\t\t\t\t<input size=\"1\" type=\"text\" name=\"form_fields[name]\" id=\"form-field-name\" class=\"elementor-field elementor-size-sm  elementor-field-textual\" placeholder=\"Nombre\">\n\t\t\t\t\t\t\t\t\t\t\t<\/div>\n\t\t\t\t\t\t\t\t<div class=\"elementor-field-type-tel elementor-field-group elementor-column elementor-field-group-telf elementor-col-100\">\n\t\t\t\t\t\t\t\t\t\t\t\t<label for=\"form-field-telf\" class=\"elementor-field-label elementor-screen-only\">\n\t\t\t\t\t\t\t\tTel\u00e9fono\t\t\t\t\t\t\t<\/label>\n\t\t\t\t\t\t\t\t<input size=\"1\" type=\"tel\" name=\"form_fields[telf]\" id=\"form-field-telf\" class=\"elementor-field elementor-size-sm  elementor-field-textual\" placeholder=\"Tel\u00e9fono\" pattern=\"[0-9()#&amp;+*-=.]+\" title=\"Only numbers and phone characters (#, -, *, etc) are accepted.\">\n\n\t\t\t\t\t\t<\/div>\n\t\t\t\t\t\t\t\t<div class=\"elementor-field-type-email elementor-field-group elementor-column elementor-field-group-email elementor-col-100 elementor-field-required\">\n\t\t\t\t\t\t\t\t\t\t\t\t<label for=\"form-field-email\" class=\"elementor-field-label elementor-screen-only\">\n\t\t\t\t\t\t\t\tCorreo electr\u00f3nico\t\t\t\t\t\t\t<\/label>\n\t\t\t\t\t\t\t\t\t\t\t\t\t\t<input size=\"1\" type=\"email\" name=\"form_fields[email]\" id=\"form-field-email\" class=\"elementor-field elementor-size-sm  elementor-field-textual\" placeholder=\"Correo electr\u00f3nico\" required=\"required\">\n\t\t\t\t\t\t\t\t\t\t\t<\/div>\n\t\t\t\t\t\t\t\t<div class=\"elementor-field-type-textarea elementor-field-group elementor-column elementor-field-group-message elementor-col-100\">\n\t\t\t\t\t\t\t\t\t\t\t\t<label for=\"form-field-message\" class=\"elementor-field-label elementor-screen-only\">\n\t\t\t\t\t\t\t\tMensaje\t\t\t\t\t\t\t<\/label>\n\t\t\t\t\t\t<textarea class=\"elementor-field-textual elementor-field  elementor-size-sm\" name=\"form_fields[message]\" id=\"form-field-message\" rows=\"4\" placeholder=\"Mensaje\"><\/textarea>\t\t\t\t<\/div>\n\t\t\t\t\t\t\t\t<div class=\"elementor-field-group elementor-column elementor-field-type-submit elementor-col-100 e-form__buttons\">\n\t\t\t\t\t<button class=\"elementor-button elementor-size-sm\" type=\"submit\">\n\t\t\t\t\t\t<span class=\"elementor-button-content-wrapper\">\n\t\t\t\t\t\t\t\t\t\t\t\t\t\t\t\t\t\t\t\t\t\t<span class=\"elementor-button-text\">Enviar<\/span>\n\t\t\t\t\t\t\t\t\t\t\t\t\t<\/span>\n\t\t\t\t\t<\/button>\n\t\t\t\t<\/div>\n\t\t\t<\/div>\n\t\t<\/form>\n\t\t\t\t\t\t<\/div>\n\t\t\t\t<\/div>\n\t\t\t\t\t<\/div>\n\t\t<\/div>\n\t\t\t\t\t<\/div>\n\t\t<\/section>\n\t\t\t\t<section class=\"elementor-section elementor-top-section elementor-element elementor-element-d97df9b elementor-section-boxed elementor-section-height-default elementor-section-height-default\" data-id=\"d97df9b\" data-element_type=\"section\" data-e-type=\"section\" data-settings=\"{&quot;background_background&quot;:&quot;classic&quot;,&quot;_ha_eqh_enable&quot;:false}\">\n\t\t\t\t\t\t<div class=\"elementor-container elementor-column-gap-default\">\n\t\t\t\t\t<div data-ha-element-link=\"{&quot;url&quot;:&quot;tel:+573113870018&quot;,&quot;is_external&quot;:&quot;&quot;,&quot;nofollow&quot;:&quot;&quot;}\" style=\"cursor: pointer\" class=\"elementor-column elementor-col-33 elementor-top-column elementor-element elementor-element-025d17f\" data-id=\"025d17f\" data-element_type=\"column\" data-e-type=\"column\">\n\t\t\t<div class=\"elementor-widget-wrap elementor-element-populated\">\n\t\t\t\t\t\t<div class=\"elementor-element elementor-element-5b86242 elementor-view-default elementor-widget elementor-widget-icon\" data-id=\"5b86242\" data-element_type=\"widget\" data-e-type=\"widget\" data-widget_type=\"icon.default\">\n\t\t\t\t<div class=\"elementor-widget-container\">\n\t\t\t\t\t\t\t<div class=\"elementor-icon-wrapper\">\n\t\t\t<div class=\"elementor-icon\">\n\t\t\t<svg xmlns=\"http:\/\/www.w3.org\/2000\/svg\" xmlns:xlink=\"http:\/\/www.w3.org\/1999\/xlink\" id=\"Capa_1\" x=\"0px\" y=\"0px\" width=\"400px\" height=\"400px\" viewBox=\"0 0 400 400\" style=\"enable-background:new 0 0 400 400;\" xml:space=\"preserve\"><g>\t<g>\t\t<circle cx=\"223.4\" cy=\"106.2\" r=\"11.7\"><\/circle>\t\t<circle cx=\"270.3\" cy=\"106.2\" r=\"11.7\"><\/circle>\t\t<circle cx=\"317.2\" cy=\"106.2\" r=\"11.7\"><\/circle>\t\t<path d=\"M263.4,375.8c19.3,0,35-15.8,35-35.2v-46.9c0-5-3.2-9.5-8-11.1l-70.1-23.4c-3.4-1.1-7.2-0.6-10.2,1.4l-29.8,19.9   c-32-15.2-69.9-52.7-84.9-84.1l19.9-29.8c2-3,2.5-6.8,1.4-10.2L93.1,86.1c-1.6-4.8-6.1-8-11.1-8H35.2C15.8,78.1,0,93.8,0,113.1   c0,64.7,29.4,131.2,80.8,182.3C132.1,346.5,198.6,375.8,263.4,375.8L263.4,375.8z M35.2,101.6h38.4l18.9,56.7l-20.3,30.4   c-2.1,3.2-2.6,7.3-1.1,10.9c7.8,19.5,23.4,41.4,43.9,61.7c20.4,20.2,42.4,35.6,62,43.4c3.6,1.4,7.6,1,10.9-1.1l30.4-20.3   l56.7,18.9v38.4c0,6.6-5.1,11.7-11.6,11.7c-123.4,0-240-116.3-240-239.2C23.4,106.6,28.6,101.6,35.2,101.6L35.2,101.6z\"><\/path>\t\t<path d=\"M219,234.3c4.4,1.8,9.4,0.8,12.8-2.5l43.4-43.4h42c45.7,0,82.8-36.8,82.8-82s-37.1-82-82.8-82h-93.8   c-45.2,0-82,36.8-82,82c0,41.3,30.6,75.5,70.3,81.2v36C211.7,228.2,214.6,232.5,219,234.3L219,234.3z M164.8,106.2   c0-32.3,26.3-58.6,58.6-58.6h93.8c32.7,0,59.4,26.3,59.4,58.6s-26.6,58.6-59.4,58.6h-46.9c-3.1,0-6.1,1.2-8.3,3.4l-26.9,26.9   v-18.6c0-6.5-5.2-11.7-11.7-11.7C191.1,164.8,164.8,138.6,164.8,106.2z\"><\/path>\t<\/g><\/g><\/svg>\t\t\t<\/div>\n\t\t<\/div>\n\t\t\t\t\t\t<\/div>\n\t\t\t\t<\/div>\n\t\t\t\t<div class=\"elementor-element elementor-element-61ad8d1 elementor-widget elementor-widget-heading\" data-id=\"61ad8d1\" data-element_type=\"widget\" data-e-type=\"widget\" data-widget_type=\"heading.default\">\n\t\t\t\t<div class=\"elementor-widget-container\">\n\t\t\t\t\t<h4 class=\"elementor-heading-title elementor-size-default\">tel\u00e9fono<\/h4>\t\t\t\t<\/div>\n\t\t\t\t<\/div>\n\t\t\t\t<div class=\"elementor-element elementor-element-7c7c578 elementor-widget elementor-widget-text-editor\" data-id=\"7c7c578\" data-element_type=\"widget\" data-e-type=\"widget\" data-widget_type=\"text-editor.default\">\n\t\t\t\t<div class=\"elementor-widget-container\">\n\t\t\t\t\t\t\t\t\t<p>(+57) 311 387 00 18<\/p>\t\t\t\t\t\t\t\t<\/div>\n\t\t\t\t<\/div>\n\t\t\t\t\t<\/div>\n\t\t<\/div>\n\t\t\t\t<div data-ha-element-link=\"{&quot;url&quot;:&quot;mailto:mercadeo@fajasbelladonna.co&quot;,&quot;is_external&quot;:&quot;&quot;,&quot;nofollow&quot;:&quot;&quot;}\" style=\"cursor: pointer\" class=\"elementor-column elementor-col-33 elementor-top-column elementor-element elementor-element-f268813\" data-id=\"f268813\" data-element_type=\"column\" data-e-type=\"column\">\n\t\t\t<div class=\"elementor-widget-wrap elementor-element-populated\">\n\t\t\t\t\t\t<div class=\"elementor-element elementor-element-8cbb064 elementor-view-default elementor-widget elementor-widget-icon\" data-id=\"8cbb064\" data-element_type=\"widget\" data-e-type=\"widget\" data-widget_type=\"icon.default\">\n\t\t\t\t<div class=\"elementor-widget-container\">\n\t\t\t\t\t\t\t<div class=\"elementor-icon-wrapper\">\n\t\t\t<div class=\"elementor-icon\">\n\t\t\t<svg xmlns=\"http:\/\/www.w3.org\/2000\/svg\" xmlns:xlink=\"http:\/\/www.w3.org\/1999\/xlink\" id=\"Capa_1\" x=\"0px\" y=\"0px\" width=\"400px\" height=\"400px\" viewBox=\"0 0 400 400\" style=\"enable-background:new 0 0 400 400;\" xml:space=\"preserve\"><g>\t<g>\t\t<g>\t\t\t<path d=\"M364.8,54.1H35.2C15.8,54.1,0,69.8,0,89.2v210.9c0,19.4,15.8,35.2,35.2,35.2h329.7c19.3,0,35.2-15.7,35.2-35.2V89.2    C400,69.8,384.2,54.1,364.8,54.1z M359.4,77.5c-11.4,11.4-144.9,145.4-150.4,150.9c-4.6,4.6-13.6,4.6-18.2,0L40.6,77.5H359.4z     M23.4,295.9V93.5l100.8,101.2L23.4,295.9z M40.6,311.9l100.3-100.6l33.5,33.6c13.7,13.8,37.6,13.8,51.4,0l33.5-33.6l100.3,100.6    H40.6z M376.6,295.9L275.7,194.7L376.6,93.5V295.9z\"><\/path>\t\t<\/g>\t<\/g>\t<g>\t<\/g>\t<g>\t<\/g>\t<g>\t<\/g>\t<g>\t<\/g>\t<g>\t<\/g>\t<g>\t<\/g>\t<g>\t<\/g>\t<g>\t<\/g>\t<g>\t<\/g>\t<g>\t<\/g>\t<g>\t<\/g>\t<g>\t<\/g>\t<g>\t<\/g>\t<g>\t<\/g>\t<g>\t<\/g><\/g><\/svg>\t\t\t<\/div>\n\t\t<\/div>\n\t\t\t\t\t\t<\/div>\n\t\t\t\t<\/div>\n\t\t\t\t<div class=\"elementor-element elementor-element-41b24c0 elementor-widget elementor-widget-heading\" data-id=\"41b24c0\" data-element_type=\"widget\" data-e-type=\"widget\" data-widget_type=\"heading.default\">\n\t\t\t\t<div class=\"elementor-widget-container\">\n\t\t\t\t\t<h4 class=\"elementor-heading-title elementor-size-default\">correo electr\u00f3nico<\/h4>\t\t\t\t<\/div>\n\t\t\t\t<\/div>\n\t\t\t\t<div class=\"elementor-element elementor-element-b73dcd1 elementor-widget elementor-widget-text-editor\" data-id=\"b73dcd1\" data-element_type=\"widget\" data-e-type=\"widget\" data-widget_type=\"text-editor.default\">\n\t\t\t\t<div class=\"elementor-widget-container\">\n\t\t\t\t\t\t\t\t\t<p>mercadeo@fajasbelladonna.co<\/p>\t\t\t\t\t\t\t\t<\/div>\n\t\t\t\t<\/div>\n\t\t\t\t\t<\/div>\n\t\t<\/div>\n\t\t\t\t<div data-ha-element-link=\"{&quot;url&quot;:&quot;https:\\\/\\\/maps.app.goo.gl\\\/ZUBdSTcxBKT1by5L7&quot;,&quot;is_external&quot;:&quot;on&quot;,&quot;nofollow&quot;:&quot;&quot;}\" style=\"cursor: pointer\" class=\"elementor-column elementor-col-33 elementor-top-column elementor-element elementor-element-1b2fa6a\" data-id=\"1b2fa6a\" data-element_type=\"column\" data-e-type=\"column\">\n\t\t\t<div class=\"elementor-widget-wrap elementor-element-populated\">\n\t\t\t\t\t\t<div class=\"elementor-element elementor-element-5e1d16a elementor-view-default elementor-widget elementor-widget-icon\" data-id=\"5e1d16a\" data-element_type=\"widget\" data-e-type=\"widget\" data-widget_type=\"icon.default\">\n\t\t\t\t<div class=\"elementor-widget-container\">\n\t\t\t\t\t\t\t<div class=\"elementor-icon-wrapper\">\n\t\t\t<div class=\"elementor-icon\">\n\t\t\t<svg xmlns=\"http:\/\/www.w3.org\/2000\/svg\" xmlns:xlink=\"http:\/\/www.w3.org\/1999\/xlink\" id=\"Capa_1\" x=\"0px\" y=\"0px\" width=\"400px\" height=\"400px\" viewBox=\"0 0 400 400\" style=\"enable-background:new 0 0 400 400;\" xml:space=\"preserve\"><g>\t<g>\t\t<g>\t\t\t<path d=\"M323.6,303.5c-18.6-6.4-42.8-11.3-69.6-14.1c4.1-6.3,8.3-12.8,12.6-19.6c38.4-61.7,57.8-110.4,57.8-145    C324.4,56.2,268.6,0.4,200,0.4S75.6,56.2,75.6,124.8c0,34.5,19.4,83.3,57.8,145c4.2,6.8,8.5,13.4,12.6,19.6    c-26.9,2.8-51.1,7.6-69.6,14.1c-29,10-43.6,23.4-43.6,39.8c0,18.4,18.3,32.9,54.4,43.2c30.3,8.6,70.4,13.4,112.8,13.4    s82.5-4.8,112.8-13.4c36.1-10.3,54.4-24.8,54.4-43.2C367.3,326.9,352.6,313.5,323.6,303.5z M100.7,124.8    c0-54.7,44.5-99.3,99.3-99.3s99.3,44.5,99.3,99.3c0,29.3-18.6,74.8-53.9,131.5c-17.4,27.9-34.9,52.2-45.4,66.3    c-10.5-14.1-28-38.4-45.4-66.3C119.4,199.6,100.7,154.1,100.7,124.8z M306,362.4c-28.1,8-65.8,12.4-106,12.4s-77.8-4.4-106-12.4    c-29.9-8.5-36.2-17.7-36.2-19.1c0-1.4,4.8-8.5,26.8-16.1c19.8-6.9,47.2-11.8,77.6-14c15.6,22.3,27.3,37,28,38    c2.4,3,6,4.7,9.8,4.7c3.8,0,7.4-1.7,9.8-4.7c0.7-0.9,12.4-15.6,28-38c30.4,2.2,57.7,7.2,77.6,14c22,7.6,26.8,14.8,26.8,16.1    C342.2,344.8,335.9,353.9,306,362.4z\"><\/path>\t\t<\/g>\t<\/g>\t<g>\t\t<g>\t\t\t<path d=\"M200,66.7c-32,0-58.1,26.1-58.1,58.1s26.1,58.1,58.1,58.1s58.1-26.1,58.1-58.1S232,66.7,200,66.7z M200,157.8    c-18.2,0-33-14.8-33-33c0-18.2,14.8-33,33-33s33,14.8,33,33S218.2,157.8,200,157.8z\"><\/path>\t\t<\/g>\t<\/g>\t<g>\t<\/g>\t<g>\t<\/g>\t<g>\t<\/g>\t<g>\t<\/g>\t<g>\t<\/g>\t<g>\t<\/g>\t<g>\t<\/g>\t<g>\t<\/g>\t<g>\t<\/g>\t<g>\t<\/g>\t<g>\t<\/g>\t<g>\t<\/g>\t<g>\t<\/g>\t<g>\t<\/g>\t<g>\t<\/g><\/g><\/svg>\t\t\t<\/div>\n\t\t<\/div>\n\t\t\t\t\t\t<\/div>\n\t\t\t\t<\/div>\n\t\t\t\t<div class=\"elementor-element elementor-element-3bf30b5 elementor-widget elementor-widget-heading\" data-id=\"3bf30b5\" data-element_type=\"widget\" data-e-type=\"widget\" data-widget_type=\"heading.default\">\n\t\t\t\t<div class=\"elementor-widget-container\">\n\t\t\t\t\t<h4 class=\"elementor-heading-title elementor-size-default\">ubicaci\u00f3n<\/h4>\t\t\t\t<\/div>\n\t\t\t\t<\/div>\n\t\t\t\t<div class=\"elementor-element elementor-element-ed849a4 elementor-widget elementor-widget-text-editor\" data-id=\"ed849a4\" data-element_type=\"widget\" data-e-type=\"widget\" data-widget_type=\"text-editor.default\">\n\t\t\t\t<div class=\"elementor-widget-container\">\n\t\t\t\t\t\t\t\t\tPereira, Risaralda\t\t\t\t\t\t\t\t<\/div>\n\t\t\t\t<\/div>\n\t\t\t\t\t<\/div>\n\t\t<\/div>\n\t\t\t\t\t<\/div>\n\t\t<\/section>\n\t\t\t\t<\/div>\n\t\t","protected":false},"excerpt":{"rendered":"<p>\u00bfDeseas distribuir nuestros productos? D\u00e9janos un mensaje tel\u00e9fono (+57) 311 387 00 18 correo electr\u00f3nico mercadeo@fajasbelladonna.co ubicaci\u00f3n Pereira, Risaralda<\/p>","protected":false},"author":7,"featured_media":0,"parent":0,"menu_order":0,"comment_status":"closed","ping_status":"closed","template":"","meta":{"site-sidebar-layout":"no-sidebar","site-content-layout":"page-builder","ast-site-content-layout":"default","site-content-style":"default","site-sidebar-style":"default","ast-global-header-display":"","ast-banner-title-visibility":"","ast-main-header-display":"","ast-hfb-above-header-display":"","ast-hfb-below-header-display":"","ast-hfb-mobile-header-display":"","site-post-title":"disabled","ast-breadcrumbs-content":"","ast-featured-img":"disabled","footer-sml-layout":"","ast-disable-related-posts":"","theme-transparent-header-meta":"enabled","adv-header-id-meta":"","stick-header-meta":"","header-above-stick-meta":"","header-main-stick-meta":"","header-below-stick-meta":"","astra-migrate-meta-layouts":"default","ast-page-background-enabled":"default","ast-page-background-meta":{"desktop":{"background-color":"","background-image":"","background-repeat":"repeat","background-position":"center center","background-size":"auto","background-attachment":"scroll","background-type":"","background-media":"","overlay-type":"","overlay-color":"","overlay-opacity":"","overlay-gradient":""},"tablet":{"background-color":"","background-image":"","background-repeat":"repeat","background-position":"center center","background-size":"auto","background-attachment":"scroll","background-type":"","background-media":"","overlay-type":"","overlay-color":"","overlay-opacity":"","overlay-gradient":""},"mobile":{"background-color":"","background-image":"","background-repeat":"repeat","background-position":"center center","background-size":"auto","background-attachment":"scroll","background-type":"","background-media":"","overlay-type":"","overlay-color":"","overlay-opacity":"","overlay-gradient":""}},"ast-content-background-meta":{"desktop":{"background-color":"var(--ast-global-color-5)","background-image":"","background-repeat":"repeat","background-position":"center center","background-size":"auto","background-attachment":"scroll","background-type":"","background-media":"","overlay-type":"","overlay-color":"","overlay-opacity":"","overlay-gradient":""},"tablet":{"background-color":"var(--ast-global-color-5)","background-image":"","background-repeat":"repeat","background-position":"center center","background-size":"auto","background-attachment":"scroll","background-type":"","background-media":"","overlay-type":"","overlay-color":"","overlay-opacity":"","overlay-gradient":""},"mobile":{"background-color":"var(--ast-global-color-5)","background-image":"","background-repeat":"repeat","background-position":"center center","background-size":"auto","background-attachment":"scroll","background-type":"","background-media":"","overlay-type":"","overlay-color":"","overlay-opacity":"","overlay-gradient":""}},"footnotes":""},"class_list":["post-2305","page","type-page","status-publish","hentry"],"_links":{"self":[{"href":"https:\/\/fajasbelladonna.com\/en\/wp-json\/wp\/v2\/pages\/2305","targetHints":{"allow":["GET"]}}],"collection":[{"href":"https:\/\/fajasbelladonna.com\/en\/wp-json\/wp\/v2\/pages"}],"about":[{"href":"https:\/\/fajasbelladonna.com\/en\/wp-json\/wp\/v2\/types\/page"}],"author":[{"embeddable":true,"href":"https:\/\/fajasbelladonna.com\/en\/wp-json\/wp\/v2\/users\/7"}],"replies":[{"embeddable":true,"href":"https:\/\/fajasbelladonna.com\/en\/wp-json\/wp\/v2\/comments?post=2305"}],"version-history":[{"count":96,"href":"https:\/\/fajasbelladonna.com\/en\/wp-json\/wp\/v2\/pages\/2305\/revisions"}],"predecessor-version":[{"id":6274,"href":"https:\/\/fajasbelladonna.com\/en\/wp-json\/wp\/v2\/pages\/2305\/revisions\/6274"}],"wp:attachment":[{"href":"https:\/\/fajasbelladonna.com\/en\/wp-json\/wp\/v2\/media?parent=2305"}],"curies":[{"name":"wp","href":"https:\/\/api.w.org\/{rel}","templated":true}]}}